{"id":534,"date":"2018-09-14T12:23:24","date_gmt":"2018-09-14T15:23:24","guid":{"rendered":"http:\/\/www.acensemicon.com\/pt\/?page_id=534"},"modified":"2018-09-24T11:20:55","modified_gmt":"2018-09-24T14:20:55","slug":"customized-solutions","status":"publish","type":"page","link":"http:\/\/www.acensemicon.com\/pt\/customized-solutions\/","title":{"rendered":"Customized Solutions"},"content":{"rendered":"<p>A Acen possui grande expertise na pesquisa e desenvolvimento de solu\u00e7\u00f5es nas \u00e1reas de eletr\u00f4nica e microeletr\u00f4nica. Tendo desenvolvido projetos nos setores de seguran\u00e7a, sa\u00fade e rastreamento.<\/p>\n<p dir=\"ltr\" data-placeholder=\"Tradu\u00e7\u00e3o\">Trga sua necessidade e deixe nosso time de especialistas desenvover sua solu\u00e7\u00e3o e foque no core business da sua empresa.<\/p>\n<p id=\"tw-target-text\" dir=\"ltr\" data-placeholder=\"Tradu\u00e7\u00e3o\">Desenvovemos todo o projeto eletr\u00f4nico (desenho da PCB, firmware e software de controle) e microeletr\u00f4nico (SoC e FPGA). Tamb\u00e9m podemos desenvolver o desenho mec\u00e2nico do gabinete do produto.<\/p>\n<p dir=\"ltr\" data-placeholder=\"Tradu\u00e7\u00e3o\">Os projetos podem ser contratados nos modelos de entrega \u00fanica, ODM ou OEM.<\/p>\n<p dir=\"ltr\" data-placeholder=\"Tradu\u00e7\u00e3o\">Nosso trabalho come\u00e7a levantando as necessidades reais do cliente e ap\u00f3s determinar as caracter\u00edsticas do produto \u00e9 elaborado uma especifica\u00e7\u00e3o do cronograma de desenvolvimento, onde os seis principais est\u00e1gios s\u00e3o definidos.<\/p>\n<p>Our work begins by raising the client&#8217;s real needs and after determining the characteristics of the product a specification\u00a0of the development schedule is elaborated, where the six main stages are defined.<\/p>\n<p>\t\t\t\t<img loading=\"lazy\" src=\"http:\/\/www.acensemicon.com\/pt\/wp-content\/uploads\/2018\/09\/Etapas-212x300.jpg\" alt=\"Etapas\" itemprop=\"image\" height=\"300\" width=\"212\" title=\"Etapas\"  \/><br \/>\n\t\t\t\t<img loading=\"lazy\" src=\"http:\/\/www.acensemicon.com\/pt\/wp-content\/uploads\/2018\/09\/LNLS-150x150.jpeg\" alt=\"LNLS\" itemprop=\"image\" height=\"150\" width=\"150\" title=\"LNLS\"  \/><\/p>\n<h4>Projeto Sirius<\/h4>\n<p>Desenvolvimento de placa de convers\u00e3o ADC de alta precis\u00e3o 18-bit e uma plataforma controladora com 18-bit PWM para o novo acelerador de part\u00edculas do Laborat\u00f3rio Nacional de Luz S\u00edncrona (LNLS).<\/p>\n","protected":false},"excerpt":{"rendered":"<p>A Acen possui grande expertise na pesquisa e desenvolvimento de solu\u00e7\u00f5es nas \u00e1reas de eletr\u00f4nica e microeletr\u00f4nica. Tendo desenvolvido projetos&hellip;<\/p>\n","protected":false},"author":1,"featured_media":0,"parent":0,"menu_order":0,"comment_status":"closed","ping_status":"closed","template":"","meta":[],"_links":{"self":[{"href":"http:\/\/www.acensemicon.com\/pt\/wp-json\/wp\/v2\/pages\/534"}],"collection":[{"href":"http:\/\/www.acensemicon.com\/pt\/wp-json\/wp\/v2\/pages"}],"about":[{"href":"http:\/\/www.acensemicon.com\/pt\/wp-json\/wp\/v2\/types\/page"}],"author":[{"embeddable":true,"href":"http:\/\/www.acensemicon.com\/pt\/wp-json\/wp\/v2\/users\/1"}],"replies":[{"embeddable":true,"href":"http:\/\/www.acensemicon.com\/pt\/wp-json\/wp\/v2\/comments?post=534"}],"version-history":[{"count":6,"href":"http:\/\/www.acensemicon.com\/pt\/wp-json\/wp\/v2\/pages\/534\/revisions"}],"predecessor-version":[{"id":671,"href":"http:\/\/www.acensemicon.com\/pt\/wp-json\/wp\/v2\/pages\/534\/revisions\/671"}],"wp:attachment":[{"href":"http:\/\/www.acensemicon.com\/pt\/wp-json\/wp\/v2\/media?parent=534"}],"curies":[{"name":"wp","href":"https:\/\/api.w.org\/{rel}","templated":true}]}}