{"id":532,"date":"2018-09-14T12:20:32","date_gmt":"2018-09-14T15:20:32","guid":{"rendered":"http:\/\/www.acensemicon.com\/pt\/?page_id=532"},"modified":"2018-09-24T15:04:17","modified_gmt":"2018-09-24T18:04:17","slug":"electronic-assembly","status":"publish","type":"page","link":"http:\/\/www.acensemicon.com\/pt\/electronic-assembly\/","title":{"rendered":"Electronic Assembly"},"content":{"rendered":"<p id=\"tw-target-text\" dir=\"ltr\" data-placeholder=\"Tradu\u00e7\u00e3o\">A Acen Microeletr\u00f4nica possui uma linha completa para a montagem de placas de circuitos eletr\u00f4nicos (PTH e SMT). Sua linha combina velocidade com flexibilidade, atendendo dos mais simples aos mais complexos projetos eletr\u00f4nicos.<\/p>\n<p dir=\"ltr\" data-placeholder=\"Tradu\u00e7\u00e3o\">Al\u00e9s da simples montagem, a empresa oferece os servi\u00e7os de importa\u00e7\u00e3o, log\u00edstica e gerenciamento de componentes, tornando a produ\u00e7\u00e3o de seu produto mais simples e barata, permitindo a sua companhia focar em seu core business.<\/p>\n<p>\t\t\t\t<img loading=\"lazy\" src=\"http:\/\/www.acensemicon.com\/pt\/wp-content\/uploads\/2018\/09\/1564437_2d615cdce0e9e4d127eb593629847e65-260x300.jpg\" alt=\"1564437_2d615cdce0e9e4d127eb593629847e65\" itemprop=\"image\" height=\"300\" width=\"260\" title=\"1564437_2d615cdce0e9e4d127eb593629847e65\"  \/><\/p>\n<h4>Screen Printer MPM Ultraprint 2000 HiE<\/h4>\n<ul>\n<li>Minimum\/Maximum size 2&#8243;x 2&#8243; (50.0mm x 50.0mm) to 20&#8243; x 16&#8243; (508mm x 406mm) (16&#8243; or greater board lengths require dedicated workholder)<\/li>\n<li>Print area 18&#8243; x 16&#8243; (457mm x 406mm) (x,y)<\/li>\n<li>Thickness range 0.015&#8243; &#8211; 0.500&#8243;<\/li>\n<li>Fiducial method 2 to 5 models standard fiducials or pads<\/li>\n<li>Alignment repeatability +\/-0.001&#8243; (0.025mm) at 6 Sigma (Cp of greater than or equal to 2.0) verified with glass plate capability test<\/li>\n<li>Cycle time &lt; 11 seconds (excluding print stroke)<\/li>\n<\/ul>\n<p>\t\t\t\t<img loading=\"lazy\" src=\"http:\/\/www.acensemicon.com\/pt\/wp-content\/uploads\/2018\/09\/DSC04320-300x225.jpg\" alt=\"DSC04320\" itemprop=\"image\" height=\"225\" width=\"300\" title=\"DSC04320\"  \/><\/p>\n<h4>Chip Shooter Fuji CP 643E<\/h4>\n<ul>\n<li>PCB dimensions Max: 457mm x 356mm Min: 80mm x 60mm<\/li>\n<li>Board Thickness: 0.3 to 4.0 mm<\/li>\n<li>Component capacity Up to 140 types (8mm tape)<\/li>\n<li>PCB loading time 0.7 sec.\/PCB with double PCB loading<br \/>\n1.4 sec.\/PCB with single PCB loading<\/li>\n<li>Placing rate 0.09 sec.\/component &#8211; 40,000 CPH<\/li>\n<li>Applicable components 0402 to 19 x 20 mm<\/li>\n<li>Maximum Component Height: 6mm<\/li>\n<li>Placing Accuracy \u00b1 0.01mm (3 s)<\/li>\n<\/ul>\n<p>\t\t\t\t<img loading=\"lazy\" src=\"http:\/\/www.acensemicon.com\/pt\/wp-content\/uploads\/2018\/09\/Universal-GSM2-Placement-ref450-6-300x236.jpg\" alt=\"Universal-GSM2-Placement-ref450-6\" itemprop=\"image\" height=\"236\" width=\"300\" title=\"Universal-GSM2-Placement-ref450-6\"  \/><\/p>\n<h4>Pick-and-Place Universal GSM-2<\/h4>\n<p>Final Placement Performance:<\/p>\n<ul>\n<li>50 Defects per Million (dpm) Intrinsic Availability: 98%<\/li>\n<li>X,Y Accuracy: +\/- 0.00150 in. (0.0381 mm)<\/li>\n<li>X,Y Repeatability: &lt; 0.000667 in. (0.0169mm)<\/li>\n<li>Rotational Accuracy: +\/- 0.06 Degree<\/li>\n<li>Rotational Repeatability: &lt;0.0466 Degree<\/li>\n<\/ul>\n<p>Placement Rate:<\/p>\n<ul>\n<li>Test Board Rated at 10,000 Components per Hour<\/li>\n<\/ul>\n<p>\t\t\t\t<img loading=\"lazy\" src=\"http:\/\/www.acensemicon.com\/pt\/wp-content\/uploads\/2018\/09\/6292-1-300x169.jpg\" alt=\"6292-1\" itemprop=\"image\" height=\"169\" width=\"300\" title=\"6292-1\"  \/><\/p>\n<h4>Reflow Oven Heller 1808EXL<\/h4>\n<ul>\n<li>Maximum PCB Width: 20&#8243; (50.8 cm)<\/li>\n<li>Forced Convection Zones: 8 Top and 8 Bottom<\/li>\n<li>Accuracy of Temperature Controller + .1\u00b0C<\/li>\n<li>Number of Cooling Zones: 2<\/li>\n<\/ul>\n<p>\t\t\t\t<img loading=\"lazy\" src=\"http:\/\/www.acensemicon.com\/pt\/wp-content\/uploads\/2018\/09\/AOI-234x300.jpg\" alt=\"AOI\" itemprop=\"image\" height=\"300\" width=\"234\" title=\"AOI\"  \/><\/p>\n<h4>Phoenix PDT PA-500SB11 AOI<\/h4>\n<ul>\n<li>Pixel: 5 million<\/li>\n<li>Detection speed:\n<ul>\n<li>2.013mm\/sec (FOV: 24x20mm)<\/li>\n<li>3.298mm\/sec (FOV: 32x27mm)<\/li>\n<li>7.733mm\/sec (FOV: 49x41mm)<\/li>\n<\/ul>\n<\/li>\n<li>PCB size:\n<ul>\n<li>50X50 ~ 330X250mm (PA-500SB)<\/li>\n<li>50X50 ~ 460X400mm (PA-500LB)<\/li>\n<li>50X50 ~ 650X450mm (PA-500XB)<\/li>\n<\/ul>\n<\/li>\n<\/ul>\n","protected":false},"excerpt":{"rendered":"<p>A Acen Microeletr\u00f4nica possui uma linha completa para a montagem de placas de circuitos eletr\u00f4nicos (PTH e SMT). Sua linha&hellip;<\/p>\n","protected":false},"author":1,"featured_media":0,"parent":0,"menu_order":0,"comment_status":"closed","ping_status":"closed","template":"","meta":[],"_links":{"self":[{"href":"http:\/\/www.acensemicon.com\/pt\/wp-json\/wp\/v2\/pages\/532"}],"collection":[{"href":"http:\/\/www.acensemicon.com\/pt\/wp-json\/wp\/v2\/pages"}],"about":[{"href":"http:\/\/www.acensemicon.com\/pt\/wp-json\/wp\/v2\/types\/page"}],"author":[{"embeddable":true,"href":"http:\/\/www.acensemicon.com\/pt\/wp-json\/wp\/v2\/users\/1"}],"replies":[{"embeddable":true,"href":"http:\/\/www.acensemicon.com\/pt\/wp-json\/wp\/v2\/comments?post=532"}],"version-history":[{"count":8,"href":"http:\/\/www.acensemicon.com\/pt\/wp-json\/wp\/v2\/pages\/532\/revisions"}],"predecessor-version":[{"id":675,"href":"http:\/\/www.acensemicon.com\/pt\/wp-json\/wp\/v2\/pages\/532\/revisions\/675"}],"wp:attachment":[{"href":"http:\/\/www.acensemicon.com\/pt\/wp-json\/wp\/v2\/media?parent=532"}],"curies":[{"name":"wp","href":"https:\/\/api.w.org\/{rel}","templated":true}]}}