{"id":501,"date":"2018-09-13T16:25:30","date_gmt":"2018-09-13T19:25:30","guid":{"rendered":"http:\/\/www.acensemicon.com\/pt\/?page_id=501"},"modified":"2018-09-24T12:17:59","modified_gmt":"2018-09-24T15:17:59","slug":"transportation-solution","status":"publish","type":"page","link":"http:\/\/www.acensemicon.com\/pt\/transportation-solution\/","title":{"rendered":"Transportation Solutions"},"content":{"rendered":"<h4>Rastreamento e Otimiza\u00e7\u00e3o de Ve\u00edculos em P\u00e1tios de Manobras<\/h4>\n<p>\t\t\t\t<img loading=\"lazy\" src=\"http:\/\/www.acensemicon.com\/pt\/wp-content\/uploads\/2018\/09\/Transportation1.jpg\" alt=\"Transportation1\" itemprop=\"image\" height=\"2164\" width=\"3087\" title=\"Transportation1\"  \/><\/p>\n<p>&nbsp;<\/p>\n<p><strong>Roteie. Agende. Planeje. Atribua. Carregue. Solucione.<\/strong><\/p>\n<p>Uma das \u00e1reas de pesquisa operacional mais intrigante \u00e9 o roteamento, em que o objetivo \u00e9 encontrar caminhos eficientes para o transporte de itens atrav\u00e9s de uma rede complexa.<\/p>\n<p>Utilizando uma variedade de tecnologias a aplica\u00e7\u00e3o da Acen otimiza o uso de recursos de transporte em p\u00e1tios de manobras. O objetivo \u00e9 determinar um cronograma que minimiza a quantidade de tempo ou custo total necess\u00e1rio para completar todas as tarefas, economizando milhares de reais com log\u00edstica interna.<\/p>\n<p dir=\"ltr\" data-placeholder=\"Tradu\u00e7\u00e3o\">Baseado na loca\u00e7\u00e3o dos ve\u00edculos uma central de opera\u00e7\u00f5es calcula a melhor rota para os ativos de transporte levando em considera\u00e7\u00e3o restri\u00e7\u00f5es tais como:<\/p>\n<ul>\n<li dir=\"ltr\" data-placeholder=\"Tradu\u00e7\u00e3o\">Carga m\u00e1xima do ve\u00edculo.<\/li>\n<li dir=\"ltr\" data-placeholder=\"Tradu\u00e7\u00e3o\">Tempo m\u00e1ximo em que o ve\u00edculo precisa iniciar e terminar suas tarefas.<\/li>\n<li dir=\"ltr\" data-placeholder=\"Tradu\u00e7\u00e3o\">Quantidade de ve\u00edculos dispon\u00edveis ou se precisa de reabastecimento.<\/li>\n<li dir=\"ltr\" data-placeholder=\"Tradu\u00e7\u00e3o\">Carregar algumas commodities antes de entreg\u00e1-las em outro ponto.<\/li>\n<\/ul>\n<p><strong>Tecnologia GPS<\/strong><\/p>\n<p>Global Positioning System (GPS) \u00e9 uma tecnologia madura que funciona em praticamente qualquer lugar aberto com uma conex\u00e3o de rede. Dispositivos GPS recebem mensagens de ping de v\u00e1rios sat\u00e9lites orbitando a Terra mantidos pela For\u00e7a A\u00e9rea dos Estados Unidos. Um dispositivo GPS usa estas mensagens de ping para calculara a locliza\u00e7\u00e3o precisa do dispositivo, geralmente de poucos metros. A habilidade do GPS de rastrear a localiza\u00e7\u00e3o precisa em praticamente qualquer lugar aberto a torna um meio \u00f3timo para rastrear ativos de m\u00e9dio e grande porte em movimento.<\/p>\n<p><strong>Tecnologia RFID<\/strong><\/p>\n<p>Radio-Frequency Identification (RFID) utiliza campos eletromagn\u00e9ticos para identificar e rastrear automaticamente etiquetas anexadas aos objetos. As etiquetas cont\u00e9m informa\u00e7\u00f5es armazenadas eletronicamente. Etiquetas passivas coletam a energia das ondas de r\u00e1dio emitida por um leitor RFID pr\u00f3ximo. Etiquetas ativas possuem um fonte de energia local (como uma bateria) e podem operar centenas de metros de dist\u00e2ncia do leitor RFID. Diferente do c\u00f3digo de barras, a etiqueta n\u00e3o precisa estar na linha de vis\u00e3o do leitor, logo pode estar embutida no objeto rastreado.<\/p>\n<p><strong>Tecnologia GPRS<\/strong><\/p>\n<p>General Packet Radio Service (GPRS) \u00e9 uma tecnologia que aumenta a taxa de transfer\u00eancia nas redes GSM existentes. Isto possibilita o transporte de pacote de dados (packet switching). Desta forma, GPRS oferece uma taxa de transfer\u00eancia de dados muito mais alta do que as oferecidas pelas tecnologias anteriores, que utilizavam a t\u00e9cnica circuit-switched.<\/p>\n<p><strong>Tecnologia LoRa\u00ae<\/strong><\/p>\n<p>LoRa \u00e9 uma tecnologia que oferece caracter\u00edsticas atraentes para aplica\u00e7\u00f5es IoT, incluindo a transmisss\u00e3o segura de dados em longas dist\u00e2ncias e baixo consumo. A tecnologia pode ser utilizada por redes p\u00fablicas, privadas ou h\u00edbridas e prov\u00ea maior alcance que redes de celulares. A tecnologia LoRa pode ser facilmente conectada na infraestrutura existente e possibilita aplica\u00e7\u00f5es IoT de baixo custo operadas por bateria.<\/p>\n","protected":false},"excerpt":{"rendered":"<p>Rastreamento e Otimiza\u00e7\u00e3o de Ve\u00edculos em P\u00e1tios de Manobras &nbsp; Roteie. Agende. Planeje. Atribua. Carregue. Solucione. Uma das \u00e1reas de&hellip;<\/p>\n","protected":false},"author":1,"featured_media":0,"parent":0,"menu_order":0,"comment_status":"closed","ping_status":"closed","template":"","meta":[],"_links":{"self":[{"href":"http:\/\/www.acensemicon.com\/pt\/wp-json\/wp\/v2\/pages\/501"}],"collection":[{"href":"http:\/\/www.acensemicon.com\/pt\/wp-json\/wp\/v2\/pages"}],"about":[{"href":"http:\/\/www.acensemicon.com\/pt\/wp-json\/wp\/v2\/types\/page"}],"author":[{"embeddable":true,"href":"http:\/\/www.acensemicon.com\/pt\/wp-json\/wp\/v2\/users\/1"}],"replies":[{"embeddable":true,"href":"http:\/\/www.acensemicon.com\/pt\/wp-json\/wp\/v2\/comments?post=501"}],"version-history":[{"count":11,"href":"http:\/\/www.acensemicon.com\/pt\/wp-json\/wp\/v2\/pages\/501\/revisions"}],"predecessor-version":[{"id":673,"href":"http:\/\/www.acensemicon.com\/pt\/wp-json\/wp\/v2\/pages\/501\/revisions\/673"}],"wp:attachment":[{"href":"http:\/\/www.acensemicon.com\/pt\/wp-json\/wp\/v2\/media?parent=501"}],"curies":[{"name":"wp","href":"https:\/\/api.w.org\/{rel}","templated":true}]}}