{"id":498,"date":"2018-09-13T16:12:53","date_gmt":"2018-09-13T19:12:53","guid":{"rendered":"http:\/\/www.acensemicon.com\/pt\/?page_id=498"},"modified":"2018-09-24T16:27:05","modified_gmt":"2018-09-24T19:27:05","slug":"security-products","status":"publish","type":"page","link":"http:\/\/www.acensemicon.com\/pt\/security-products\/","title":{"rendered":"Security Solutions"},"content":{"rendered":"<p>\t\t\t\t<img loading=\"lazy\" src=\"http:\/\/www.acensemicon.com\/pt\/wp-content\/uploads\/2018\/09\/ASR-300x276.jpg\" alt=\"ASR\" itemprop=\"image\" height=\"276\" width=\"300\" title=\"ASR\"  \/><\/p>\n<h4>Leitor de Cart\u00e3o Inteligente ASR<\/h4>\n<p>O ASR foi desenvolvido para atender o mercado de seguran\u00e7a e certifica\u00e7\u00e3o. Atualmente o leitor suporta o padr\u00e3o de certifica\u00e7\u00e3o digital ICP-Brasil, e foi aprovado pelas certificadoras brasileiras Verisgn\/Certisgn e SERASA.<\/p>\n<p>\t\t\t\t<img loading=\"lazy\" src=\"http:\/\/www.acensemicon.com\/pt\/wp-content\/uploads\/2018\/09\/BMZ103RC-300x269.jpg\" alt=\"BMZ103RC\" itemprop=\"image\" height=\"269\" width=\"300\" title=\"BMZ103RC\"  \/><\/p>\n<h4>Placa de Sensor para Cofre Inteligente BMZ103RC<\/h4>\n<p>O m\u00f3dulo BMZ103RC foi projetado como um componente perif\u00e9rico deddicado a capturar sinais digitais em solu\u00e7\u00f5es de automa\u00e7\u00e3o banc\u00e1rias. No caso de caixas autom\u00e1ticos (ATM) e cofres inteligentes, a placa \u00e9 capaz de capturar at\u00e9 10 tipos de sinais dos sensores, tais como, vibra\u00e7\u00e3o, abertura de porta, temperatura, retirada de notas, al\u00e9m de prover 8 sa\u00eddas digitais para controle de mecanismos de seguran\u00e7a.<br \/>\nCaracter\u00edsticas: 2 x USB ports, 10 x digital inputs, 8 x Darlington voltage outputs, and 4 x communication.<br \/>\nInterfaces: 1 x UART, 1 x I2C, 1 x SPI, 1 x JTAG.<\/p>\n<p>\t\t\t\t<img loading=\"lazy\" src=\"http:\/\/www.acensemicon.com\/pt\/wp-content\/uploads\/2018\/09\/20160819_105126.jpg\" alt=\"20160819_105126\" itemprop=\"image\" height=\"1284\" width=\"1976\" title=\"20160819_105126\"  \/><\/p>\n<h4>SMG210 Smart Safe Control Board<\/h4>\n<p>The SMG210 is an excellent central manager dedicated to embedded systems and industrial control. In the case, the platform was adapted to run embedded software banking solutions, especially ATM and smart safe systems. Featuring: Samsung CPU SPV210 1GHz, touch screen LCD 10\u201d, DDR2 512MB, Flash MLC 2GB, 4xUART, 4xUSB, 10 I\/O ports, Ethernet, accelerometer, and buzzer.<\/p>\n<p>\t\t\t\t<img loading=\"lazy\" src=\"http:\/\/www.acensemicon.com\/pt\/wp-content\/uploads\/2018\/09\/Display-2-300x295.jpg\" alt=\"Display (2)\" itemprop=\"image\" height=\"295\" width=\"300\" title=\"Display (2)\"  \/><\/p>\n<h4>DG100 Bill Validator Display<\/h4>\n<p>Peripheral for control and check the banknote counting. Characterized by high brightness 7 segments display for quantity and value and LEDs to indicate status: operating, error, rejected note, and suspicious note.<\/p>\n<p>\t\t\t\t<img loading=\"lazy\" src=\"http:\/\/www.acensemicon.com\/pt\/wp-content\/uploads\/2018\/09\/IMG-20180913-WA0020-300x159.jpg\" alt=\"IMG-20180913-WA0020\" itemprop=\"image\" height=\"159\" width=\"300\" title=\"IMG-20180913-WA0020\"  \/><\/p>\n<h4>APS Power Supply<\/h4>\n<ul>\n<li>Five Isolated Outputs<\/li>\n<li>Total Output Power: 200W<\/li>\n<li>Output Individual Control<\/li>\n<li>Nobreak Function<\/li>\n<li>AC Detection<\/li>\n<li>Each output can be adjusted to: 5V, 12V or 24V<\/li>\n<\/ul>\n","protected":false},"excerpt":{"rendered":"<p>Leitor de Cart\u00e3o Inteligente ASR O ASR foi desenvolvido para atender o mercado de seguran\u00e7a e certifica\u00e7\u00e3o. Atualmente o leitor&hellip;<\/p>\n","protected":false},"author":1,"featured_media":0,"parent":0,"menu_order":0,"comment_status":"closed","ping_status":"closed","template":"","meta":[],"_links":{"self":[{"href":"http:\/\/www.acensemicon.com\/pt\/wp-json\/wp\/v2\/pages\/498"}],"collection":[{"href":"http:\/\/www.acensemicon.com\/pt\/wp-json\/wp\/v2\/pages"}],"about":[{"href":"http:\/\/www.acensemicon.com\/pt\/wp-json\/wp\/v2\/types\/page"}],"author":[{"embeddable":true,"href":"http:\/\/www.acensemicon.com\/pt\/wp-json\/wp\/v2\/users\/1"}],"replies":[{"embeddable":true,"href":"http:\/\/www.acensemicon.com\/pt\/wp-json\/wp\/v2\/comments?post=498"}],"version-history":[{"count":15,"href":"http:\/\/www.acensemicon.com\/pt\/wp-json\/wp\/v2\/pages\/498\/revisions"}],"predecessor-version":[{"id":676,"href":"http:\/\/www.acensemicon.com\/pt\/wp-json\/wp\/v2\/pages\/498\/revisions\/676"}],"wp:attachment":[{"href":"http:\/\/www.acensemicon.com\/pt\/wp-json\/wp\/v2\/media?parent=498"}],"curies":[{"name":"wp","href":"https:\/\/api.w.org\/{rel}","templated":true}]}}