{"id":404,"date":"2018-09-12T17:14:52","date_gmt":"2018-09-12T20:14:52","guid":{"rendered":"http:\/\/www.acensemicon.com\/pt\/?page_id=404"},"modified":"2018-09-24T11:08:27","modified_gmt":"2018-09-24T14:08:27","slug":"career","status":"publish","type":"page","link":"http:\/\/www.acensemicon.com\/pt\/home\/career\/","title":{"rendered":"Job Offer"},"content":{"rendered":"<h3>OPORTUNIDADES<a href=\"..\/..\/wp-content\/uploads\/2018\/09\/office_startup_business_home_office_businessman_notebook_laptop_computer-764432.jpgd_.jpg\"><img loading=\"lazy\" src=\"..\/..\/wp-content\/uploads\/2018\/09\/office_startup_business_home_office_businessman_notebook_laptop_computer-764432.jpgd_-300x200.jpg\" alt=\"\" width=\"409\" height=\"272\" \/><\/a><\/h3>\n<noscript class=\"ninja-forms-noscript-message\">\n    Aviso: O JavaScript \u00e9 necess\u00e1rio para esse conte\u00fado.<\/noscript><div id=\"nf-form-3-cont\" class=\"nf-form-cont\" aria-live=\"polite\" aria-labelledby=\"nf-form-title-3\" aria-describedby=\"nf-form-errors-3\" role=\"form\">\n\n    <div class=\"nf-loading-spinner\"><\/div>\n\n<\/div>\n        <!-- TODO: Move to Template File. -->\n        <script>var formDisplay=1;var nfForms=nfForms||[];var form=[];form.id='3';form.settings={\"objectType\":\"Form Setting\",\"editActive\":true,\"title\":\"Carreer\",\"show_title\":1,\"clear_complete\":1,\"hide_complete\":1,\"default_label_pos\":\"above\",\"wrapper_class\":\"\",\"element_class\":\"\",\"key\":\"\",\"add_submit\":1,\"currency\":\"\",\"unique_field_error\":\"A form with this value has already been submitted.\",\"logged_in\":false,\"not_logged_in_msg\":\"\",\"sub_limit_msg\":\"The form has reached its submission limit.\",\"calculations\":[],\"formContentData\":[\"firstname_1536806186668\",\"lastname_1536806192480\",\"email_1536806198203\",\"phone_1536806200916\",\"submit_1536806312466\"],\"drawerDisabled\":false,\"ninjaForms\":\"Ninja Forms\",\"changeEmailErrorMsg\":\"Digite um endere\\u00e7o de e-mail v\\u00e1lido!\",\"changeDateErrorMsg\":\"Digite uma data v\\u00e1lida!\",\"confirmFieldErrorMsg\":\"Estes campos devem corresponder!\",\"fieldNumberNumMinError\":\"Erro no n\\u00famero m\\u00ednimo\",\"fieldNumberNumMaxError\":\"Erro no n\\u00famero m\\u00e1ximo\",\"fieldNumberIncrementBy\":\"Incremente por \",\"fieldTextareaRTEInsertLink\":\"Insira o Link\",\"fieldTextareaRTEInsertMedia\":\"Inserir m\\u00eddia\",\"fieldTextareaRTESelectAFile\":\"Selecionar Arquivo\",\"formErrorsCorrectErrors\":\"Corrija os erros antes de enviar este formul\\u00e1rio.\",\"formHoneypot\":\"Se voc\\u00ea for um humano, deixe este campo em branco.\",\"validateRequiredField\":\"Este campo \\u00e9 obrigat\\u00f3rio.\",\"honeypotHoneypotError\":\"Erro do Honeypot\",\"fileUploadOldCodeFileUploadInProgress\":\"Upload de arquivo em andamento.\",\"fileUploadOldCodeFileUpload\":\"UPLOAD DE ARQUIVO\",\"currencySymbol\":\"$\",\"fieldsMarkedRequired\":\"Campos marcados com <span class=\\\"ninja-forms-req-symbol\\\">*<\\\/span> s\\u00e3o requeridos\",\"thousands_sep\":\".\",\"decimal_point\":\",\",\"siteLocale\":\"pt_BR\",\"dateFormat\":\"d\\\/m\\\/Y\",\"startOfWeek\":\"0\",\"of\":\"de\",\"previousMonth\":\"M\\u00eas anterior\",\"nextMonth\":\"Pr\\u00f3ximo m\\u00eas\",\"months\":[\"Janeiro\",\"Fevereiro\",\"Mar\\u00e7o\",\"Abril\",\"Maio\",\"Junho\",\"Julho\",\"Agosto\",\"Setembro\",\"Outubro\",\"Novembro\",\"Dezembro\"],\"monthsShort\":[\"Jan\",\"Fev\",\"Mar\",\"Abr\",\"Maio\",\"Jun\",\"Jul\",\"Ago\",\"Set\",\"Out\",\"Nov\",\"Dez\"],\"weekdays\":[\"Domingo\",\"Segunda-feira\",\"Ter\\u00e7a-feira\",\"Quarta-feira\",\"Quinta-feira\",\"Sexta-feira\",\"S\\u00e1bado\"],\"weekdaysShort\":[\"Dom\",\"Seg\",\"Ter\",\"Qua\",\"Qui\",\"Sex\",\"Sat\"],\"weekdaysMin\":[\"Su\",\"Mo\",\"Tu\",\"We\",\"Th\",\"Fr\",\"Sa\"],\"embed_form\":\"\",\"currency_symbol\":\"\",\"beforeForm\":\"\",\"beforeFields\":\"\",\"afterFields\":\"\",\"afterForm\":\"\"};form.fields=[{\"objectType\":\"Field\",\"objectDomain\":\"fields\",\"editActive\":false,\"order\":1,\"label\":\"First Name\",\"type\":\"firstname\",\"key\":\"firstname_1536806186668\",\"label_pos\":\"above\",\"required\":false,\"default\":\"\",\"placeholder\":\"\",\"container_class\":\"\",\"element_class\":\"\",\"admin_label\":\"\",\"help_text\":\"\",\"custom_name_attribute\":\"fname\",\"personally_identifiable\":1,\"id\":17,\"beforeField\":\"\",\"afterField\":\"\",\"value\":\"\",\"parentType\":\"firstname\",\"element_templates\":[\"firstname\",\"input\"],\"old_classname\":\"\",\"wrap_template\":\"wrap\"},{\"objectType\":\"Field\",\"objectDomain\":\"fields\",\"editActive\":false,\"order\":2,\"label\":\"Last Name\",\"type\":\"lastname\",\"key\":\"lastname_1536806192480\",\"label_pos\":\"above\",\"required\":false,\"default\":\"\",\"placeholder\":\"\",\"container_class\":\"\",\"element_class\":\"\",\"admin_label\":\"\",\"help_text\":\"\",\"custom_name_attribute\":\"lname\",\"personally_identifiable\":1,\"id\":18,\"beforeField\":\"\",\"afterField\":\"\",\"value\":\"\",\"parentType\":\"lastname\",\"element_templates\":[\"lastname\",\"input\"],\"old_classname\":\"\",\"wrap_template\":\"wrap\"},{\"objectType\":\"Field\",\"objectDomain\":\"fields\",\"editActive\":false,\"order\":3,\"label\":\"Email\",\"type\":\"email\",\"key\":\"email_1536806198203\",\"label_pos\":\"above\",\"required\":false,\"default\":\"\",\"placeholder\":\"\",\"container_class\":\"\",\"element_class\":\"\",\"admin_label\":\"\",\"help_text\":\"\",\"custom_name_attribute\":\"email\",\"personally_identifiable\":1,\"id\":19,\"beforeField\":\"\",\"afterField\":\"\",\"value\":\"\",\"parentType\":\"email\",\"element_templates\":[\"email\",\"input\"],\"old_classname\":\"\",\"wrap_template\":\"wrap\"},{\"objectType\":\"Field\",\"objectDomain\":\"fields\",\"editActive\":false,\"order\":4,\"label\":\"Phone\",\"type\":\"phone\",\"key\":\"phone_1536806200916\",\"label_pos\":\"above\",\"required\":false,\"default\":\"\",\"placeholder\":\"\",\"container_class\":\"\",\"element_class\":\"\",\"input_limit\":\"\",\"input_limit_type\":\"characters\",\"input_limit_msg\":\"Character(s) left\",\"manual_key\":false,\"admin_label\":\"\",\"help_text\":\"\",\"mask\":\"\",\"custom_mask\":\"\",\"custom_name_attribute\":\"phone\",\"personally_identifiable\":1,\"id\":20,\"beforeField\":\"\",\"afterField\":\"\",\"value\":\"\",\"parentType\":\"textbox\",\"element_templates\":[\"tel\",\"textbox\",\"input\"],\"old_classname\":\"\",\"wrap_template\":\"wrap\"},{\"objectType\":\"Field\",\"objectDomain\":\"fields\",\"editActive\":false,\"order\":9999,\"type\":\"submit\",\"label\":\"Submit\",\"processing_label\":\"Processing\",\"container_class\":\"\",\"element_class\":\"\",\"key\":\"submit_1536806312466\",\"id\":21,\"beforeField\":\"\",\"afterField\":\"\",\"value\":\"\",\"label_pos\":\"above\",\"parentType\":\"textbox\",\"element_templates\":[\"submit\",\"button\",\"input\"],\"old_classname\":\"\",\"wrap_template\":\"wrap-no-label\"}];nfForms.push(form);<\/script>\n        ","protected":false},"excerpt":{"rendered":"<p>OPORTUNIDADES Aviso: O JavaScript \u00e9 necess\u00e1rio para esse conte\u00fado.<\/p>\n","protected":false},"author":1,"featured_media":0,"parent":156,"menu_order":0,"comment_status":"closed","ping_status":"closed","template":"","meta":[],"_links":{"self":[{"href":"http:\/\/www.acensemicon.com\/pt\/wp-json\/wp\/v2\/pages\/404"}],"collection":[{"href":"http:\/\/www.acensemicon.com\/pt\/wp-json\/wp\/v2\/pages"}],"about":[{"href":"http:\/\/www.acensemicon.com\/pt\/wp-json\/wp\/v2\/types\/page"}],"author":[{"embeddable":true,"href":"http:\/\/www.acensemicon.com\/pt\/wp-json\/wp\/v2\/users\/1"}],"replies":[{"embeddable":true,"href":"http:\/\/www.acensemicon.com\/pt\/wp-json\/wp\/v2\/comments?post=404"}],"version-history":[{"count":4,"href":"http:\/\/www.acensemicon.com\/pt\/wp-json\/wp\/v2\/pages\/404\/revisions"}],"predecessor-version":[{"id":670,"href":"http:\/\/www.acensemicon.com\/pt\/wp-json\/wp\/v2\/pages\/404\/revisions\/670"}],"up":[{"embeddable":true,"href":"http:\/\/www.acensemicon.com\/pt\/wp-json\/wp\/v2\/pages\/156"}],"wp:attachment":[{"href":"http:\/\/www.acensemicon.com\/pt\/wp-json\/wp\/v2\/media?parent=404"}],"curies":[{"name":"wp","href":"https:\/\/api.w.org\/{rel}","templated":true}]}}