{"id":2,"date":"2018-09-12T15:58:55","date_gmt":"2018-09-12T18:58:55","guid":{"rendered":"http:\/\/www.acensemicon.com\/pt\/?page_id=2"},"modified":"2018-09-24T11:06:11","modified_gmt":"2018-09-24T14:06:11","slug":"about","status":"publish","type":"page","link":"http:\/\/www.acensemicon.com\/pt\/about\/","title":{"rendered":"About Us"},"content":{"rendered":"<h3>Valores<\/h3>\n<p>\t\t\t<img src=\"http:\/\/www.acensemicon.com\/pt\/wp-content\/uploads\/2018\/09\/c2b734a98ac90f266029fc1bcbea-1447829.jpgd_.jpg\" alt=\"\" \/>\t\t\t<\/p>\n<h2>Inova\u00e7\u00e3o<\/h2>\n<p>\t\t\t<img src=\"http:\/\/www.acensemicon.com\/pt\/wp-content\/uploads\/2018\/09\/Comprometimento-de-uma-equipe-685x300.png\" alt=\"\" \/>\t\t\t<\/p>\n<h2>Compromisso <\/h2>\n<p>\t\t\t<img src=\"http:\/\/www.acensemicon.com\/pt\/wp-content\/uploads\/2018\/09\/Integrity.jpg\" alt=\"\" \/>\t\t\t<\/p>\n<h2>Integridade<\/h2>\n<p>\t\t\t<img src=\"http:\/\/www.acensemicon.com\/pt\/wp-content\/uploads\/2018\/09\/5-steps-for-building-customer-trust.jpg\" alt=\"\" \/>\t\t\t<\/p>\n<h2>Confian\u00e7a<\/h2>\n<h3>Hist\u00f3ria<\/h3>\n<p>A empresa Acen Microeletr\u00f4nica Ltda. \u00e9 dedicada \u00e0 inova\u00e7\u00e3o nas \u00e1reas de TI e microeletr\u00f4nica, criada para aplicar seu conhecimento avan\u00e7ado a favor da ind\u00fastria dom\u00e9stica, entregando vantagens competitivas em termos de seguran\u00e7a, custo e qualidade. A empresa foi criada em Novembro de 2010 atrav\u00e9s da iniciativa de seus membros fundadores, oriundos de diversas empresas de tecnologia. Com perfis complementares e experi\u00eancia profissional em diferentes \u00e1reas da engenharia de software e hardware, os s\u00f3cios visualizaram as oportunidades que motivaram a cria\u00e7\u00e3o da Acen. Em Setembro de 2011, a Acen foi aprovada para incuba\u00e7\u00e3o na Incubadora de Empresa de Base Tecnol\u00f3gicca da Unicamp (INCAMP). Em Julho de 2012 aprovou seu projeto de pesquisa na Fase 1 do programa PIPE (Pesquisa Inovativa em Pequena Empresa) da FAPESP (Funda\u00e7\u00e3o de Amparo \u00e0 Pesquisa do Estado de S\u00e3o Paulo). A Acen foi convidada para incuba\u00e7\u00e3o no CIATEC (Companhia de Desenvolvimento do Polo de Alta Tecnologia de Campinas) em Abril de 2014. Em Maio de 2014 a Acen aprovou seu projeto para Fase 2 do programa PIPE-FAPESP. Em Junho de 2014 aprovou seu projeto junto ao CNPq (Conselho Naciocional de Desenvolvimento Cient\u00edfico e Tecnol\u00f3gico).<\/p>\n<h3>Linha do Tempo<\/h3>\n<p>\t\t\t\t<img loading=\"lazy\" src=\"http:\/\/www.acensemicon.com\/pt\/wp-content\/uploads\/2018\/09\/Timeline2018.png\" alt=\"Timeline2018\" itemprop=\"image\" height=\"673\" width=\"1920\" title=\"Timeline2018\"  \/><\/p>\n<h3>Conhe\u00e7a nossos Projetos<\/h3>\n<p>Sempre buscando por inov\u00e7\u00e3o, a Acen Microeletr\u00f4nica Ltda. est\u00e1 constantemente desenvolvendo novos projetos em v\u00e1rias \u00e1reas, como: Seguran\u00e7a, Rastreamento de Ativos, Sa\u00fade, Semicondutores, etc.<\/p>\n<p>Trazendo tecnologia e versatilidade para solu\u00e7\u00f5es orientadas ao mercado.\n<\/p>\n<p>Solu\u00e7\u00f5es em Seguran\u00e7a<\/p>\n<p>Solu\u00e7\u00f5es Customizadas<\/p>\n<p>Solu\u00e7\u00f5es na Sa\u00fade<\/p>\n<p>Solu\u00e7\u00f5es em Transporte<\/p>\n<p>Montagem Eletr\u00f4nica<\/p>\n","protected":false},"excerpt":{"rendered":"<p>Valores Inova\u00e7\u00e3o Compromisso Integridade Confian\u00e7a Hist\u00f3ria A empresa Acen Microeletr\u00f4nica Ltda. \u00e9 dedicada \u00e0 inova\u00e7\u00e3o nas \u00e1reas de TI e&hellip;<\/p>\n","protected":false},"author":1,"featured_media":0,"parent":0,"menu_order":0,"comment_status":"closed","ping_status":"closed","template":"","meta":[],"_links":{"self":[{"href":"http:\/\/www.acensemicon.com\/pt\/wp-json\/wp\/v2\/pages\/2"}],"collection":[{"href":"http:\/\/www.acensemicon.com\/pt\/wp-json\/wp\/v2\/pages"}],"about":[{"href":"http:\/\/www.acensemicon.com\/pt\/wp-json\/wp\/v2\/types\/page"}],"author":[{"embeddable":true,"href":"http:\/\/www.acensemicon.com\/pt\/wp-json\/wp\/v2\/users\/1"}],"replies":[{"embeddable":true,"href":"http:\/\/www.acensemicon.com\/pt\/wp-json\/wp\/v2\/comments?post=2"}],"version-history":[{"count":29,"href":"http:\/\/www.acensemicon.com\/pt\/wp-json\/wp\/v2\/pages\/2\/revisions"}],"predecessor-version":[{"id":669,"href":"http:\/\/www.acensemicon.com\/pt\/wp-json\/wp\/v2\/pages\/2\/revisions\/669"}],"wp:attachment":[{"href":"http:\/\/www.acensemicon.com\/pt\/wp-json\/wp\/v2\/media?parent=2"}],"curies":[{"name":"wp","href":"https:\/\/api.w.org\/{rel}","templated":true}]}}