{"id":158,"date":"2018-09-12T15:58:55","date_gmt":"2018-09-12T18:58:55","guid":{"rendered":"http:\/\/www.acensemicon.com\/pt\/?page_id=158"},"modified":"2018-09-20T15:53:22","modified_gmt":"2018-09-20T18:53:22","slug":"services","status":"publish","type":"page","link":"http:\/\/www.acensemicon.com\/pt\/services\/","title":{"rendered":"Services"},"content":{"rendered":"<p>\t\t\t\t\t\t<a href=\"security-products\" target=\"_self\" aria-label=\"link to security-products\" rel=\"noopener\"><br \/>\n\t\t<\/a>\t<\/p>\n<h3><a href=\"security-products\" target=\"_self\">Solu\u00e7\u00f5es em Seguran\u00e7a<\/a><\/h3>\n<p>Automa\u00e7\u00e3o Banc\u00e1ria, Biometria e outras solu\u00e7\u00f5es ODM &amp; OEM.<\/p>\n<p><a href=\"security-products\" target=\"_self\">Mais<\/a><br \/>\n\t\t\t\t\t\t<a href=\"electronic-assembly\" target=\"_self\" aria-label=\"link to electronic-assembly\" rel=\"noopener\"><br \/>\n\t\t<\/a>\t<\/p>\n<h3><a href=\"electronic-assembly\" target=\"_self\">Montagem Eletr\u00f4nica<\/a><\/h3>\n<p>Capacidade de manufatura de placas eletr\u00f4nicas.<\/p>\n<p><a href=\"electronic-assembly\" target=\"_self\">Mais<\/a><br \/>\n\t\t\t\t\t\t<a href=\"health-solutions\" target=\"_self\" aria-label=\"link to health-solutions\" rel=\"noopener\"><br \/>\n\t\t<\/a>\t<\/p>\n<h3><a href=\"health-solutions\" target=\"_self\">Solu\u00e7\u00f5es em Sa\u00fade<\/a><\/h3>\n<p>Produtos e sistemas para melhorar os cuidados ao paciente.<\/p>\n<p><a href=\"health-solutions\" target=\"_self\">Mais<\/a><br \/>\n\t\t\t\t\t\t<a href=\"transportation-solution\" target=\"_self\" aria-label=\"link to transportation-solution\" rel=\"noopener\"><br \/>\n\t\t<\/a>\t<\/p>\n<h3><a href=\"transportation-solution\" target=\"_self\">Solu\u00e7\u00f5es em Transporte<\/a><\/h3>\n<p>Dispositivos de localiza\u00e7\u00e3o e softwares de gerenciamento.<\/p>\n<p><a href=\"transportation-solution\" target=\"_self\">Mais<\/a><br \/>\n\t\t\t\t\t\t<a href=\"customized-solutions\" target=\"_self\" aria-label=\"link to customized-solutions\" rel=\"noopener\"><br \/>\n\t\t<\/a>\t<\/p>\n<h3><a href=\"customized-solutions\" target=\"_self\">Solu\u00e7\u00f5es Customizadas<\/a><\/h3>\n<p>Suas ideias transformadas em produtos.<\/p>\n<p><a href=\"customized-solutions\" target=\"_self\">Mais<\/a><br \/>\n\t\t\t\t<img loading=\"lazy\" src=\"http:\/\/www.acensemicon.com\/pt\/wp-content\/uploads\/2017\/04\/services-1.jpg\" alt=\"services-1\" itemprop=\"image\" height=\"1248\" width=\"1920\" title=\"services-1\"  \/><\/p>\n<h3>3 Passos para o Desenvolvimento de Sucesso<\/h3>\n<p><strong>1. Prove o conceito<\/strong><br \/>\nO primeiro passo do desenvolvimento de sucesso \u00e9 criar um prot\u00f3tipo para prova de conceito. A import\u00e2ncia de criar um prot\u00f3tipo funcional \u00e9 realizar um teste b\u00e1sico com risco e custo reduzido.<\/p>\n<p>&nbsp;<\/p>\n<p><strong>2. Prove a possibilidade de venda<\/strong><br \/>\nO Pr\u00f3ximo passo do desenvolvimento de sucesso \u00e9 criar um prot\u00f3tipo vend\u00e1vel. Ser\u00e1 necess\u00e1rio produzir pequenas quantidades do produto para testar o mercado e obter retorno.<\/p>\n<p><strong>3. O Lucro<\/strong><br \/>\nFinalmente, deve-se focar no lucro! Ser\u00e1 necess\u00e1rio produzir em volume, assim como ser\u00e1 necess\u00e1rio produzir no menor custo poss\u00edvel sem deizar para tr\u00e1s\u00a0 a qualidade e a funcionalidade.<\/p>\n<h3><a href=\"contact\" target=\"_self\">Diga-nos quais s\u00e3o as demandas do seu projeto?<\/a><\/h3>\n<p>A Acen Microeletr\u00f4nica pode cuidar de seu projeto em qualquer est\u00e1gio do desenvolvimento.<\/p>\n<p><a href=\"contact\" target=\"_self\">Contate-nos<\/a><br \/>\n\t\t\t\t<a href=\"contact\" target=\"_self\" itemprop=\"url\"><br \/>\n\t\t\t\t<img loading=\"lazy\" src=\"http:\/\/www.acensemicon.com\/pt\/wp-content\/uploads\/2017\/04\/services-2.jpg\" alt=\"services-2\" itemprop=\"image\" height=\"1272\" width=\"1920\" title=\"services-2\"  \/><br \/>\n\t\t\t\t<\/a><\/p>\n","protected":false},"excerpt":{"rendered":"<p>Solu\u00e7\u00f5es em Seguran\u00e7a Automa\u00e7\u00e3o Banc\u00e1ria, Biometria e outras solu\u00e7\u00f5es ODM &amp; OEM. Mais Montagem Eletr\u00f4nica Capacidade de manufatura de placas&hellip;<\/p>\n","protected":false},"author":1,"featured_media":0,"parent":0,"menu_order":0,"comment_status":"closed","ping_status":"closed","template":"","meta":[],"_links":{"self":[{"href":"http:\/\/www.acensemicon.com\/pt\/wp-json\/wp\/v2\/pages\/158"}],"collection":[{"href":"http:\/\/www.acensemicon.com\/pt\/wp-json\/wp\/v2\/pages"}],"about":[{"href":"http:\/\/www.acensemicon.com\/pt\/wp-json\/wp\/v2\/types\/page"}],"author":[{"embeddable":true,"href":"http:\/\/www.acensemicon.com\/pt\/wp-json\/wp\/v2\/users\/1"}],"replies":[{"embeddable":true,"href":"http:\/\/www.acensemicon.com\/pt\/wp-json\/wp\/v2\/comments?post=158"}],"version-history":[{"count":13,"href":"http:\/\/www.acensemicon.com\/pt\/wp-json\/wp\/v2\/pages\/158\/revisions"}],"predecessor-version":[{"id":662,"href":"http:\/\/www.acensemicon.com\/pt\/wp-json\/wp\/v2\/pages\/158\/revisions\/662"}],"wp:attachment":[{"href":"http:\/\/www.acensemicon.com\/pt\/wp-json\/wp\/v2\/media?parent=158"}],"curies":[{"name":"wp","href":"https:\/\/api.w.org\/{rel}","templated":true}]}}