{"id":156,"date":"2018-09-12T15:58:55","date_gmt":"2018-09-12T18:58:55","guid":{"rendered":"http:\/\/www.acensemicon.com\/pt\/?page_id=156"},"modified":"2020-11-17T16:52:32","modified_gmt":"2020-11-17T18:52:32","slug":"home","status":"publish","type":"page","link":"http:\/\/www.acensemicon.com\/pt\/","title":{"rendered":"Home"},"content":{"rendered":"\n\t\t\t\t<a href=\"security-products\" target=\"_self\" itemprop=\"url\" rel=\"noopener noreferrer\">\n\t\t\t\t<img loading=\"lazy\" src=\"http:\/\/www.acensemicon.com\/pt\/wp-content\/uploads\/2018\/09\/cyber-security-be-header-629x375-e1536844889949.jpg\" alt=\"cyber-security-be-header-629x375\" itemprop=\"image\" height=\"374\" width=\"600\" title=\"cyber-security-be-header-629x375\" onerror=\"this.style.display='none'\"  \/>\n\t\t\t\t<\/a>\n<h4><a href=\"security-products\" target=\"_self\" rel=\"noopener noreferrer\">Seguran\u00e7a<\/a><\/h4>\t\t\n\t\t\tSolu\u00e7\u00f5es em automa\u00e7\u00e3o banc\u00e1ria e biometrai.\n<a href=\"security-products\" target=\"_self\" rel=\"noopener noreferrer\">Saiba Mais<\/a>\t\t\n\t\t\t\t<a href=\"health-solutions\" target=\"_self\" itemprop=\"url\" rel=\"noopener noreferrer\">\n\t\t\t\t<img loading=\"lazy\" src=\"http:\/\/www.acensemicon.com\/pt\/wp-content\/uploads\/2018\/09\/1_4sc9_oAz754fPuD6JHpNGQ-e1536844980870.jpeg\" alt=\"1_4sc9_oAz754fPuD6JHpNGQ\" itemprop=\"image\" height=\"800\" width=\"1281\" title=\"1_4sc9_oAz754fPuD6JHpNGQ\" onerror=\"this.style.display='none'\"  \/>\n\t\t\t\t<\/a>\n<h4><a href=\"health-solutions\" target=\"_self\" rel=\"noopener noreferrer\">Sa\u00fade<\/a><\/h4>\t\t\n\t\t\tSolu\u00e7\u00f5es em rastreamento de ativos hospitalares e diagn\u00f3stico por imagem.\n<a href=\"health-solutions\" target=\"_self\" rel=\"noopener noreferrer\">Saiba Mais<\/a>\t\t\n\t\t\t\t<a href=\"transportation-solution\" target=\"_self\" itemprop=\"url\" rel=\"noopener noreferrer\">\n\t\t\t\t<img loading=\"lazy\" src=\"http:\/\/www.acensemicon.com\/pt\/wp-content\/uploads\/2018\/09\/geotab-compliance-truck-e1536845070854.png\" alt=\"geotab-compliance-truck\" itemprop=\"image\" height=\"440\" width=\"705\" title=\"geotab-compliance-truck\" onerror=\"this.style.display='none'\"  \/>\n\t\t\t\t<\/a>\n<h4><a href=\"transportation-solution\" target=\"_self\" rel=\"noopener noreferrer\">Transportes<\/a><\/h4>\t\t\n\t\t\tSolu\u00e7\u00f5es para rastreamento de ve\u00edculos e cargas em p\u00e1tios de manobras.\n<a href=\"transportation-solution\" target=\"_self\" rel=\"noopener noreferrer\">Saiba Mais<\/a>\t\t\n\t\t\t\t<a href=\"electronic-assembly\" target=\"_self\" itemprop=\"url\" rel=\"noopener noreferrer\">\n\t\t\t\t<img loading=\"lazy\" src=\"http:\/\/www.acensemicon.com\/pt\/wp-content\/uploads\/2018\/09\/pcb-assembly-1-e1536937103346.jpg\" alt=\"pcb-assembly-1\" itemprop=\"image\" height=\"432\" width=\"691\" title=\"pcb-assembly-1\" onerror=\"this.style.display='none'\"  \/>\n\t\t\t\t<\/a>\n<h4><a href=\"electronic-assembly\" target=\"_self\" rel=\"noopener noreferrer\">Montagem Eletr\u00f4nica<\/a><\/h4>\t\t\n\t\t\t<p>Montagem PTH &amp; SMT e modelos de fabrica\u00e7\u00e3o ODM\/ OEM.<\/p>\n<a href=\"electronic-assembly\" target=\"_self\" rel=\"noopener noreferrer\">Saiba Mais<\/a>\t\t\n\t\t\t\t<a href=\"customized-solutions\" target=\"_self\" itemprop=\"url\" rel=\"noopener noreferrer\">\n\t\t\t\t<img loading=\"lazy\" src=\"http:\/\/www.acensemicon.com\/pt\/wp-content\/uploads\/2018\/09\/Soc-ARM-future-710x473-e1536937606674.jpg\" alt=\"Soc-ARM-future-710x473\" itemprop=\"image\" height=\"443\" width=\"710\" title=\"Soc-ARM-future-710x473\" onerror=\"this.style.display='none'\"  \/>\n\t\t\t\t<\/a>\n<h4><a href=\"customized-solutions\" target=\"_self\" rel=\"noopener noreferrer\">Solu\u00e7\u00f5es Customizadas<\/a><\/h4>\t\t\n\t\t\tPesquisa e desenvolvimento de projetos eletr\u00f4nicos e microeletr\u00f4nicos (SoC &amp; FPGA).\n<a href=\"customized-solutions\" target=\"_self\" rel=\"noopener noreferrer\">Saiba Mais<\/a>\t\t\n\t\t<h3><\/h3>\t\t\n<h3>\n\t\tDesde 1993\n\t<\/h3>\n\t<h3>Bem-Vindo \u00e0 Acen Microeletr\u00f4nica<\/h3>\n<p>A ACEN Microeletr\u00f4nica Ltda. \u00e9 uma empresa de microeletr\u00f4nica especializada em solu\u00e7\u00f5es de seguran\u00e7a, equipamentos m\u00e9dicos e rastreamento de ativos. A empresa \u00e9 l\u00edder e pioneira no mercado do Brasil em sistemas SoC (System on Chip) em biometria e diagn\u00f3sticos.<\/p>\n<p>A equipe de P&amp;D possui grande expertise em v\u00e1rias \u00e1reas: sa\u00fade, sensoreamento, rastreamento, seguran\u00e7a e biometria.<\/p>\n\t\t\t\t<img loading=\"lazy\" src=\"http:\/\/www.acensemicon.com\/pt\/wp-content\/uploads\/2018\/09\/WhatsApp-Image-2018-09-17-at-09.33.04.jpeg\" alt=\"WhatsApp Image 2018-09-17 at 09.33.04\" itemprop=\"image\" height=\"768\" width=\"836\" title=\"WhatsApp Image 2018-09-17 at 09.33.04\" onerror=\"this.style.display='none'\"  \/>\n","protected":false},"excerpt":{"rendered":"<p>Seguran\u00e7a Solu\u00e7\u00f5es em automa\u00e7\u00e3o banc\u00e1ria e biometrai. Saiba Mais Sa\u00fade Solu\u00e7\u00f5es em rastreamento de ativos hospitalares e diagn\u00f3stico por imagem.&hellip;<\/p>\n","protected":false},"author":1,"featured_media":0,"parent":0,"menu_order":0,"comment_status":"closed","ping_status":"closed","template":"","meta":[],"_links":{"self":[{"href":"http:\/\/www.acensemicon.com\/pt\/wp-json\/wp\/v2\/pages\/156"}],"collection":[{"href":"http:\/\/www.acensemicon.com\/pt\/wp-json\/wp\/v2\/pages"}],"about":[{"href":"http:\/\/www.acensemicon.com\/pt\/wp-json\/wp\/v2\/types\/page"}],"author":[{"embeddable":true,"href":"http:\/\/www.acensemicon.com\/pt\/wp-json\/wp\/v2\/users\/1"}],"replies":[{"embeddable":true,"href":"http:\/\/www.acensemicon.com\/pt\/wp-json\/wp\/v2\/comments?post=156"}],"version-history":[{"count":30,"href":"http:\/\/www.acensemicon.com\/pt\/wp-json\/wp\/v2\/pages\/156\/revisions"}],"predecessor-version":[{"id":710,"href":"http:\/\/www.acensemicon.com\/pt\/wp-json\/wp\/v2\/pages\/156\/revisions\/710"}],"wp:attachment":[{"href":"http:\/\/www.acensemicon.com\/pt\/wp-json\/wp\/v2\/media?parent=156"}],"curies":[{"name":"wp","href":"https:\/\/api.w.org\/{rel}","templated":true}]}}